{"id":1065,"date":"2018-03-11T21:25:10","date_gmt":"2018-03-11T21:25:10","guid":{"rendered":"http:\/\/ixsir.com\/in-the-news-fr\/"},"modified":"2018-03-11T21:26:13","modified_gmt":"2018-03-11T21:26:13","slug":"in-the-news-fr","status":"publish","type":"page","link":"https:\/\/ixsir.com\/fr\/in-the-news-fr\/","title":{"rendered":"IN THE NEWS fr"},"content":{"rendered":"<p>\u201cA Lebanese beauty to look out for \u2013 Syrah, Cabernet and a little merlot. #Wine\u201d fr<\/p>\n<p><strong>Robert Parker &#8211; @RobertMParkerJr<\/strong><\/p>\n<p><strong>\u00a0<\/strong><\/p>\n<p>\u201cI 50 migliori vini del mondo \u2013 EL Red 2011 (92\/100)\u201d<\/p>\n<p><strong>Luca Gardini \u2013 Gazzagolosa 17-03-17<\/strong><\/p>\n<p><strong>\u00a0<\/strong><\/p>\n<p>\u201cOne of the country\u2019s exciting new wineries\u201d<\/p>\n<p><strong>Ralph Lauren Magazine \u2013 5-6-13<\/strong><\/p>\n<p><strong>\u00a0<\/strong><\/p>\n<p>\u201cUn vin solaire, \u00e9pic\u00e9, M\u00e9diterran\u00e9en\u2026 avec l\u2019\u00e9l\u00e9gance d\u2019un Bordeaux.\u00a0\u00bb<\/p>\n<p><strong>Point de Vue \u2013 N3353 23-10-12<\/strong><\/p>\n<p>&nbsp;<\/p>\n<p>\u00ab\u00a0The best I\u2019ve had from Lebanon\u00a0\u00bb<\/p>\n<p><strong>Tim Atkin MW \u2013 The world of Fine Wine Issue 27 2012<\/strong><\/p>\n","protected":false},"excerpt":{"rendered":"<p>\u201cA Lebanese beauty to look out for \u2013 Syrah, Cabernet [&hellip;]<\/p>\n","protected":false},"author":1,"featured_media":0,"parent":0,"menu_order":0,"comment_status":"closed","ping_status":"closed","template":"template-news.php","meta":{"_acf_changed":false,"_monsterinsights_skip_tracking":false,"_monsterinsights_sitenote_active":false,"_monsterinsights_sitenote_note":"","_monsterinsights_sitenote_category":0,"footnotes":""},"class_list":["post-1065","page","type-page","status-publish","hentry"],"acf":[],"jetpack_shortlink":"https:\/\/wp.me\/P17MAH-hb","jetpack_sharing_enabled":true,"post_mailing_queue_ids":[],"_links":{"self":[{"href":"https:\/\/ixsir.com\/fr\/wp-json\/wp\/v2\/pages\/1065","targetHints":{"allow":["GET"]}}],"collection":[{"href":"https:\/\/ixsir.com\/fr\/wp-json\/wp\/v2\/pages"}],"about":[{"href":"https:\/\/ixsir.com\/fr\/wp-json\/wp\/v2\/types\/page"}],"author":[{"embeddable":true,"href":"https:\/\/ixsir.com\/fr\/wp-json\/wp\/v2\/users\/1"}],"replies":[{"embeddable":true,"href":"https:\/\/ixsir.com\/fr\/wp-json\/wp\/v2\/comments?post=1065"}],"version-history":[{"count":1,"href":"https:\/\/ixsir.com\/fr\/wp-json\/wp\/v2\/pages\/1065\/revisions"}],"predecessor-version":[{"id":1066,"href":"https:\/\/ixsir.com\/fr\/wp-json\/wp\/v2\/pages\/1065\/revisions\/1066"}],"wp:attachment":[{"href":"https:\/\/ixsir.com\/fr\/wp-json\/wp\/v2\/media?parent=1065"}],"curies":[{"name":"wp","href":"https:\/\/api.w.org\/{rel}","templated":true}]}}